{"id":1396,"date":"2019-04-30T12:16:43","date_gmt":"2019-04-30T10:16:43","guid":{"rendered":"http:\/\/www.forstinger-stadlmann.at\/2wp\/?page_id=1396"},"modified":"2022-08-19T16:55:38","modified_gmt":"2022-08-19T14:55:38","slug":"impressum","status":"publish","type":"page","link":"https:\/\/www.forstinger-stadlmann.at\/2wp\/?page_id=1396","title":{"rendered":"Impressum"},"content":{"rendered":"\t\t<div data-elementor-type=\"wp-post\" data-elementor-id=\"1396\" class=\"elementor elementor-1396\" data-elementor-settings=\"[]\">\n\t\t\t\t\t\t<div class=\"elementor-inner\">\n\t\t\t\t\t\t\t<div class=\"elementor-section-wrap\">\n\t\t\t\t\t\t\t<section class=\"elementor-section elementor-top-section elementor-element elementor-element-70d76eb elementor-section-boxed elementor-section-height-default elementor-section-height-default\" data-id=\"70d76eb\" data-element_type=\"section\">\n\t\t\t\t\t\t<div class=\"elementor-container elementor-column-gap-default\">\n\t\t\t\t\t\t\t<div class=\"elementor-row\">\n\t\t\t\t\t<div class=\"elementor-column elementor-col-100 elementor-top-column elementor-element elementor-element-c19ee5b\" data-id=\"c19ee5b\" data-element_type=\"column\">\n\t\t\t<div class=\"elementor-column-wrap elementor-element-populated\">\n\t\t\t\t\t\t\t<div class=\"elementor-widget-wrap\">\n\t\t\t\t\t\t<div class=\"elementor-element elementor-element-3e79de93 elementor-widget elementor-widget-text-editor\" data-id=\"3e79de93\" data-element_type=\"widget\" data-widget_type=\"text-editor.default\">\n\t\t\t\t<div class=\"elementor-widget-container\">\n\t\t\t\t\t<div class=\"elementor-text-editor elementor-clearfix\"><p>Forstinger + Stadlmann ZT GmbH<\/p><\/div>\n\t\t\t\t<\/div>\n\t\t\t\t<\/div>\n\t\t\t\t\t\t<\/div>\n\t\t\t\t\t<\/div>\n\t\t<\/div>\n\t\t\t\t\t\t\t\t<\/div>\n\t\t\t\t\t<\/div>\n\t\t<\/section>\n\t\t\t\t<section class=\"elementor-section elementor-top-section elementor-element elementor-element-a284090 elementor-section-boxed elementor-section-height-default elementor-section-height-default\" data-id=\"a284090\" data-element_type=\"section\">\n\t\t\t\t\t\t<div class=\"elementor-container elementor-column-gap-default\">\n\t\t\t\t\t\t\t<div class=\"elementor-row\">\n\t\t\t\t\t<div class=\"elementor-column elementor-col-100 elementor-top-column elementor-element elementor-element-6f38d39\" data-id=\"6f38d39\" data-element_type=\"column\">\n\t\t\t<div class=\"elementor-column-wrap elementor-element-populated\">\n\t\t\t\t\t\t\t<div class=\"elementor-widget-wrap\">\n\t\t\t\t\t\t<div class=\"elementor-element elementor-element-63daa45 elementor-widget elementor-widget-text-editor\" data-id=\"63daa45\" data-element_type=\"widget\" data-widget_type=\"text-editor.default\">\n\t\t\t\t<div class=\"elementor-widget-container\">\n\t\t\t\t\t<div class=\"elementor-text-editor elementor-clearfix\"><p>Forstinger + Stadlmann ZT GmbH<br \/>Achenpromenade 14<br \/>5081<br \/>Anif<br \/>\u00d6sterreich<\/p><p><strong>Unternehmensgegenstand:<\/strong> Ziviltechnikerb\u00fcro f\u00fcr Geologie<br \/><strong>UID-Nummer:<\/strong> ATU65233035<br \/><strong>Firmenbuchnummer:<\/strong> FN333943v<br \/><strong>Firmenbuchgericht:<\/strong> Salzburg<br \/><strong>Firmensitz:<\/strong> Salzburg<\/p><p class=\"adsimple-21059716\"><strong>Tel.:<\/strong> +43 (0) 6246 731412<br \/><strong>E-Mail:<\/strong> fsg@inode.at<\/p><p class=\"adsimple-21059716\"><strong>Mitglied bei:<\/strong> Kammer der Architekten und Ingenieurkonsulenten f\u00fcr Salzburg und Ober\u00f6sterreich<\/p><p class=\"adsimple-21059716\"><strong>Aufsichtsbeh\u00f6rde\/Gewerbebeh\u00f6rde:<\/strong> LG Salzburg <br \/><strong>Berufsbezeichnung:<\/strong> Ingenieurkonsulenten f\u00fcr Erdwissenschaften (Geologie)<br \/><strong>Verleihungsstaat:<\/strong>\u00a0\u00d6sterreich<\/p><p class=\"adsimple-21059716\"><strong>Gesch\u00e4ftsf\u00fchrer<\/strong><br \/>Dr. Gerhard Forstinger, Mag. Thomas Stadlmann<\/p><p><strong>Bildernachweis<\/strong><br \/>Die Bilder, Fotos und Grafiken auf dieser Webseite sind teilweise urheberrechtlich gesch\u00fctzt. Die Bilderrechte liegen bei den folgenden Fotografen und Unternehmen:<\/p><ul class=\"adsimple-21059697\"><li class=\"adsimple-21059697\">Forstinger + Stadlmann ZT GmbH<\/li><li class=\"adsimple-21059697\"><a class=\"adsimple-21059697 external\" title=\"Kostenlose, lizenzfreie Bilder und Fotos f\u00fcr kommerzielle Nutzung\" href=\"https:\/\/www.adsimple.at\/kostenlose-bilder\/\" target=\"_blank\" rel=\"follow noopener\">unsplash.com<\/a><\/li><\/ul><p><strong>\u00a0<\/strong><\/p><\/div>\n\t\t\t\t<\/div>\n\t\t\t\t<\/div>\n\t\t\t\t\t\t<\/div>\n\t\t\t\t\t<\/div>\n\t\t<\/div>\n\t\t\t\t\t\t\t\t<\/div>\n\t\t\t\t\t<\/div>\n\t\t<\/section>\n\t\t\t\t\t\t<\/div>\n\t\t\t\t\t\t<\/div>\n\t\t\t\t\t<\/div>\n\t\t","protected":false},"excerpt":{"rendered":"<p>Forstinger + Stadlmann ZT GmbH Forstinger + Stadlmann ZT GmbHAchenpromenade 145081Anif\u00d6sterreich Unternehmensgegenstand: Ziviltechnikerb\u00fcro f\u00fcr GeologieUID-Nummer: ATU65233035Firmenbuchnummer: FN333943vFirmenbuchgericht: SalzburgFirmensitz: Salzburg Tel.: +43 (0) 6246 731412E-Mail: fsg@inode.at Mitglied bei: Kammer der Architekten und Ingenieurkonsulenten f\u00fcr Salzburg und Ober\u00f6sterreich Aufsichtsbeh\u00f6rde\/Gewerbebeh\u00f6rde: LG Salzburg Berufsbezeichnung: Ingenieurkonsulenten f\u00fcr Erdwissenschaften (Geologie)Verleihungsstaat:\u00a0\u00d6sterreich Gesch\u00e4ftsf\u00fchrerDr. Gerhard Forstinger, Mag. Thomas Stadlmann BildernachweisDie Bilder, Fotos und Grafiken &hellip;<\/p>\n<p class=\"read-more\"> <a class=\"\" href=\"https:\/\/www.forstinger-stadlmann.at\/2wp\/?page_id=1396\"> <span class=\"screen-reader-text\">Impressum<\/span> Read More &raquo;<\/a><\/p>\n","protected":false},"author":1,"featured_media":0,"parent":0,"menu_order":0,"comment_status":"closed","ping_status":"closed","template":"","meta":[],"yoast_head":"<!-- This site is optimized with the Yoast SEO plugin v15.1.1 - https:\/\/yoast.com\/wordpress\/plugins\/seo\/ -->\n<title>Forstinger + Stadlmann | Impressum<\/title>\n<meta name=\"description\" content=\"Ingenieurkosnulenten f\u00fcr Erdwissenschaften | Unsere Kompetenzen: Baugeologie, Hydrogeologie, Georisiken und Umweltgeologie\" \/>\n<meta name=\"robots\" content=\"index, follow, max-snippet:-1, max-image-preview:large, max-video-preview:-1\" \/>\n<link rel=\"canonical\" href=\"https:\/\/www.forstinger-stadlmann.at\/2wp\/?page_id=1396\" \/>\n<meta property=\"og:locale\" content=\"de_DE\" \/>\n<meta property=\"og:type\" content=\"article\" \/>\n<meta property=\"og:title\" content=\"Forstinger + Stadlmann | Impressum\" \/>\n<meta property=\"og:description\" content=\"Ingenieurkosnulenten f\u00fcr Erdwissenschaften | Unsere Kompetenzen: Baugeologie, Hydrogeologie, Georisiken und Umweltgeologie\" \/>\n<meta property=\"og:url\" content=\"https:\/\/www.forstinger-stadlmann.at\/2wp\/?page_id=1396\" \/>\n<meta property=\"og:site_name\" content=\"Forstinger + Stadlmann\" \/>\n<meta property=\"article:modified_time\" content=\"2022-08-19T14:55:38+00:00\" \/>\n<meta name=\"twitter:card\" content=\"summary_large_image\" \/>\n<script type=\"application\/ld+json\" class=\"yoast-schema-graph\">{\"@context\":\"https:\/\/schema.org\",\"@graph\":[{\"@type\":\"WebSite\",\"@id\":\"https:\/\/www.forstinger-stadlmann.at\/2wp\/#website\",\"url\":\"https:\/\/www.forstinger-stadlmann.at\/2wp\/\",\"name\":\"Forstinger + Stadlmann\",\"description\":\"Ingenieurkonsulenten f\\u00fcr Erdwissenschaften\",\"potentialAction\":[{\"@type\":\"SearchAction\",\"target\":\"https:\/\/www.forstinger-stadlmann.at\/2wp\/?s={search_term_string}\",\"query-input\":\"required name=search_term_string\"}],\"inLanguage\":\"de-AT\"},{\"@type\":\"WebPage\",\"@id\":\"https:\/\/www.forstinger-stadlmann.at\/2wp\/?page_id=1396#webpage\",\"url\":\"https:\/\/www.forstinger-stadlmann.at\/2wp\/?page_id=1396\",\"name\":\"Forstinger + Stadlmann | Impressum\",\"isPartOf\":{\"@id\":\"https:\/\/www.forstinger-stadlmann.at\/2wp\/#website\"},\"datePublished\":\"2019-04-30T10:16:43+00:00\",\"dateModified\":\"2022-08-19T14:55:38+00:00\",\"description\":\"Ingenieurkosnulenten f\\u00fcr Erdwissenschaften | Unsere Kompetenzen: Baugeologie, Hydrogeologie, Georisiken und Umweltgeologie\",\"inLanguage\":\"de-AT\",\"potentialAction\":[{\"@type\":\"ReadAction\",\"target\":[\"https:\/\/www.forstinger-stadlmann.at\/2wp\/?page_id=1396\"]}]}]}<\/script>\n<!-- \/ Yoast SEO plugin. -->","_links":{"self":[{"href":"https:\/\/www.forstinger-stadlmann.at\/2wp\/index.php?rest_route=\/wp\/v2\/pages\/1396"}],"collection":[{"href":"https:\/\/www.forstinger-stadlmann.at\/2wp\/index.php?rest_route=\/wp\/v2\/pages"}],"about":[{"href":"https:\/\/www.forstinger-stadlmann.at\/2wp\/index.php?rest_route=\/wp\/v2\/types\/page"}],"author":[{"embeddable":true,"href":"https:\/\/www.forstinger-stadlmann.at\/2wp\/index.php?rest_route=\/wp\/v2\/users\/1"}],"replies":[{"embeddable":true,"href":"https:\/\/www.forstinger-stadlmann.at\/2wp\/index.php?rest_route=%2Fwp%2Fv2%2Fcomments&post=1396"}],"version-history":[{"count":10,"href":"https:\/\/www.forstinger-stadlmann.at\/2wp\/index.php?rest_route=\/wp\/v2\/pages\/1396\/revisions"}],"predecessor-version":[{"id":1880,"href":"https:\/\/www.forstinger-stadlmann.at\/2wp\/index.php?rest_route=\/wp\/v2\/pages\/1396\/revisions\/1880"}],"wp:attachment":[{"href":"https:\/\/www.forstinger-stadlmann.at\/2wp\/index.php?rest_route=%2Fwp%2Fv2%2Fmedia&parent=1396"}],"curies":[{"name":"wp","href":"https:\/\/api.w.org\/{rel}","templated":true}]}}